{"id":110,"date":"2016-08-23T07:56:13","date_gmt":"2016-08-23T07:56:13","guid":{"rendered":"http:\/\/safetyfirst.rjs.de\/?page_id=110"},"modified":"2016-08-23T07:56:13","modified_gmt":"2016-08-23T07:56:13","slug":"weiter","status":"publish","type":"page","link":"https:\/\/safetyfirst.rjs.de\/?page_id=110","title":{"rendered":"Weiter"},"content":{"rendered":"<div class=\"gwt-HTML\">\n<h4>Interessante Links<\/h4>\n<div>Sie finden auf dieser Seite diverse interessante Hyperlinks.<\/div>\n<div>Bitte beachten Sie, dass keine Gew\u00e4hr f\u00fcr die Aktualit\u00e4t und Fehlerfreiheit der Links \u00fcbernommen werden kann. F\u00fcr R\u00fcckmeldungen sind wir dankbar.<\/div>\n<div>Ansonsten m\u00fcssen wir uns ausdr\u00fccklich von allen eventuell verbotenen Inhalten aller gelinkten Seiten zu distanzieren,<\/div>\n<ul>\n<li>die sich seit dem letzten Besuch ergeben haben,<\/li>\n<li>von denen wir keine Kenntnis hatten,<\/li>\n<li>die wir auf Grund fehlender juristische Ausbildung nicht als verboten oder illegal erkennen konnten oder<\/li>\n<li>die wir bei einem Besuch nicht gesehen haben.<\/li>\n<\/ul>\n<div>\n<p>Trotz sorgf\u00e4ltiger inhaltlicher Kontrolle \u00fcbernehmen wir also keine Haftung f\u00fcr die Inhalte externer Links. F\u00fcr den Inhalt der verlinkten Seiten sind ausschlie\u00dflich deren Betreiber verantwortlich. Weitere Hinweise finden Sie im <a title=\"Impressum\" href=\"https:\/\/safetyfirst.rjs.de\/impressum\/\">Impressum<\/a>.<\/p>\n<h5><\/h5>\n<h2>Diverse interessante Hyperlinks<\/h2>\n<div><a href=\"http:\/\/rjs.de\" target=\"weiter\" rel=\"nofollow\">RJS EDV-KnowHow &#8211; Fachwissen, das ankommt! Schulung &#8211; Beratung &#8211; Publikation<\/a><\/div>\n<div><a href=\"https:\/\/www.video2brain.com\/de\/search.htm?search_entry=steyer\" target=\"weiter\" rel=\"nofollow\">Onlinetraining mit Ralph Steyer bei Video2Brain<\/a><\/div>\n<div><a href=\"http:\/\/www.weingutsturban.de\" target=\"weiter\" rel=\"nofollow\">Weingut St. Urban in Mainz-Laubenheim<\/a><\/div>\n<div><a href=\"http:\/\/www.ajax-net.de\" target=\"weiter\" rel=\"nofollow\">AJAX-NET.de &#8211; das Portal zu AJAX<\/a><\/div>\n<div><a href=\"http:\/\/www.javafx-buch.de\" target=\"weiter\" rel=\"nofollow\">Das Portal zum Buch JavaFX<\/a><\/div>\n<div><a href=\"http:\/\/www.amazon.de\/-\/e\/B00456RQXY\" target=\"weiter\" rel=\"nofollow\">Die Autorenseiten von Ralph Steyer bei Amazon<\/a><\/div>\n<div><a href=\"http:\/\/www.facebook.com\/pages\/Ralph-Steyer\/132019980218341\" target=\"weiter\" rel=\"nofollow\">Die Facebook-Fanseite von Ralph Steyer zu meinen B\u00fcchern, Videotrainings und Onlinetrainings<\/a><\/div>\n<div><a href=\"http:\/\/autoren-net.de\" target=\"weiter\" rel=\"nofollow\">Autoren-net.de &#8211; Ver\u00f6ffentliche Deine Tr\u00e4ume \u2013 Werde Autor<\/a><\/div>\n<div><a href=\"https:\/\/market.android.com\/details?id=de.rjs.android.rjskeygenerator&amp;feature=search_result&amp;hl=de\" target=\"weiter\" rel=\"nofollow\">RJS Key Generator &#8211; Eine Android-App &#8211; der RJS Key Generator entscheidet f\u00fcr Musiker, welche Tonart sie spielen sollen.<\/a><\/div>\n<div><a href=\"https:\/\/market.android.com\/details?id=de.rjs.android.rjstwitterclient&amp;feature=search_result&amp;hl=de\" target=\"weiter\" rel=\"nofollow\">RJS Twitter Client &#8211; Eine Android-App zum Folgen eines spezifischen Twitterers<\/a><\/div>\n<div><a href=\"http:\/\/blog.rjs.de\" target=\"weiter\" rel=\"nofollow\">Der Blog von Ralph Steyer<\/a><\/div>\n<div><a href=\"http:\/\/fliegerblog.rjs.de\" target=\"weiter\" rel=\"nofollow\">Der Fliegerblog von Ralph Steyer<\/a><\/div>\n<div><a href=\"https:\/\/www.video2brain.com\/de\/trainer\/ralph-steyer\" target=\"weiter\" rel=\"nofollow\">Online-Training in Kooperation mit Video2Brain<\/a><\/div>\n<div><a href=\"http:\/\/astore.amazon.de\/rjsedvknowhow-21\" target=\"weiter\" rel=\"nofollow\">RJS Amazon-Shop<\/a><\/div>\n<div><a href=\"http:\/\/verlag.rjs.de\" target=\"weiter\" rel=\"nofollow\">Die Webseite zum Buch &#8222;Aufzucht und Pflege kleiner Webseiten mit HTML \u2013 Grundlagen der Webseiten-Erstellung&#8220;<\/a><\/div>\n<div><\/div>\n<div><\/div>\n<\/div>\n<\/div>\n","protected":false},"excerpt":{"rendered":"<p>Interessante Links Sie finden auf dieser Seite diverse interessante Hyperlinks. Bitte beachten Sie, dass keine Gew\u00e4hr f\u00fcr die Aktualit\u00e4t und Fehlerfreiheit der Links \u00fcbernommen werden kann. F\u00fcr R\u00fcckmeldungen sind wir dankbar. Ansonsten m\u00fcssen wir uns ausdr\u00fccklich von allen eventuell verbotenen Inhalten aller gelinkten Seiten zu distanzieren, die sich seit dem <a class=\"read-more\" href=\"https:\/\/safetyfirst.rjs.de\/?page_id=110\">Weiterlesen<\/a><\/p>\n","protected":false},"author":1,"featured_media":0,"parent":0,"menu_order":0,"comment_status":"closed","ping_status":"closed","template":"","meta":{"jetpack_post_was_ever_published":false,"footnotes":""},"jetpack_sharing_enabled":true,"jetpack_shortlink":"https:\/\/wp.me\/P7Pnlw-1M","_links":{"self":[{"href":"https:\/\/safetyfirst.rjs.de\/index.php?rest_route=\/wp\/v2\/pages\/110"}],"collection":[{"href":"https:\/\/safetyfirst.rjs.de\/index.php?rest_route=\/wp\/v2\/pages"}],"about":[{"href":"https:\/\/safetyfirst.rjs.de\/index.php?rest_route=\/wp\/v2\/types\/page"}],"author":[{"embeddable":true,"href":"https:\/\/safetyfirst.rjs.de\/index.php?rest_route=\/wp\/v2\/users\/1"}],"replies":[{"embeddable":true,"href":"https:\/\/safetyfirst.rjs.de\/index.php?rest_route=%2Fwp%2Fv2%2Fcomments&post=110"}],"version-history":[{"count":1,"href":"https:\/\/safetyfirst.rjs.de\/index.php?rest_route=\/wp\/v2\/pages\/110\/revisions"}],"predecessor-version":[{"id":111,"href":"https:\/\/safetyfirst.rjs.de\/index.php?rest_route=\/wp\/v2\/pages\/110\/revisions\/111"}],"wp:attachment":[{"href":"https:\/\/safetyfirst.rjs.de\/index.php?rest_route=%2Fwp%2Fv2%2Fmedia&parent=110"}],"curies":[{"name":"wp","href":"https:\/\/api.w.org\/{rel}","templated":true}]}}