{"id":589,"date":"2024-05-08T09:28:15","date_gmt":"2024-05-08T09:28:15","guid":{"rendered":"https:\/\/safetyfirst.rjs.de\/?page_id=589"},"modified":"2024-05-08T09:53:50","modified_gmt":"2024-05-08T09:53:50","slug":"livemitschnitte","status":"publish","type":"page","link":"https:\/\/safetyfirst.rjs.de\/?page_id=589","title":{"rendered":"Livemitschnitte"},"content":{"rendered":"<h1>Livemitschnitte (Qualit\u00e4t entsprechend der Aufnahmeger\u00e4te)<\/h1>\n<hr \/>\n<h2>Wir spielen Cover, aber in jedem Fall im eigenen Stil interpretiert. Hier sind ein paar kurze Eindr\u00fccke von Proberaummitschnitten<\/h2>\n<!--[if lt IE 9]><script>document.createElement('audio');<\/script><![endif]-->\n<audio class=\"wp-audio-shortcode\" id=\"audio-589-1\" preload=\"none\" style=\"width: 100%;\" controls=\"controls\"><source type=\"audio\/mpeg\" src=\"http:\/\/safetyfirst.rjs.de\/wp-content\/uploads\/2019\/01\/SomeKindofWonderfull.mp3?_=1\" \/><a href=\"http:\/\/safetyfirst.rjs.de\/wp-content\/uploads\/2019\/01\/SomeKindofWonderfull.mp3\">http:\/\/safetyfirst.rjs.de\/wp-content\/uploads\/2019\/01\/SomeKindofWonderfull.mp3<\/a><\/audio>\n<audio class=\"wp-audio-shortcode\" id=\"audio-589-2\" preload=\"none\" style=\"width: 100%;\" controls=\"controls\"><source type=\"audio\/mpeg\" src=\"http:\/\/safetyfirst.rjs.de\/wp-content\/uploads\/2019\/01\/LetsDance.mp3?_=2\" \/><a href=\"http:\/\/safetyfirst.rjs.de\/wp-content\/uploads\/2019\/01\/LetsDance.mp3\">http:\/\/safetyfirst.rjs.de\/wp-content\/uploads\/2019\/01\/LetsDance.mp3<\/a><\/audio>\n<audio class=\"wp-audio-shortcode\" id=\"audio-589-3\" preload=\"none\" style=\"width: 100%;\" controls=\"controls\"><source type=\"audio\/mpeg\" src=\"http:\/\/safetyfirst.rjs.de\/wp-content\/uploads\/2019\/01\/Cocaine.mp3?_=3\" \/><a href=\"http:\/\/safetyfirst.rjs.de\/wp-content\/uploads\/2019\/01\/Cocaine.mp3\">http:\/\/safetyfirst.rjs.de\/wp-content\/uploads\/2019\/01\/Cocaine.mp3<\/a><\/audio>\n<audio class=\"wp-audio-shortcode\" id=\"audio-589-4\" preload=\"none\" style=\"width: 100%;\" controls=\"controls\"><source type=\"audio\/mpeg\" src=\"http:\/\/safetyfirst.rjs.de\/wp-content\/uploads\/2019\/01\/Caledonia.mp3?_=4\" \/><a href=\"http:\/\/safetyfirst.rjs.de\/wp-content\/uploads\/2019\/01\/Caledonia.mp3\">http:\/\/safetyfirst.rjs.de\/wp-content\/uploads\/2019\/01\/Caledonia.mp3<\/a><\/audio>\n<h4>Dazu haben Wir auch einige eigene Songs. Hier sind auch dazu ein paar kurze Eindr\u00fccke<\/h4>\n<audio class=\"wp-audio-shortcode\" id=\"audio-589-5\" preload=\"none\" style=\"width: 100%;\" controls=\"controls\"><source type=\"audio\/mpeg\" src=\"http:\/\/safetyfirst.rjs.de\/wp-content\/uploads\/2019\/01\/ShesHistory.mp3?_=5\" \/><a href=\"http:\/\/safetyfirst.rjs.de\/wp-content\/uploads\/2019\/01\/ShesHistory.mp3\">http:\/\/safetyfirst.rjs.de\/wp-content\/uploads\/2019\/01\/ShesHistory.mp3<\/a><\/audio>\n<audio class=\"wp-audio-shortcode\" id=\"audio-589-6\" preload=\"none\" style=\"width: 100%;\" controls=\"controls\"><source type=\"audio\/mpeg\" src=\"http:\/\/safetyfirst.rjs.de\/wp-content\/uploads\/2019\/01\/FeelsSoGood.mp3?_=6\" \/><a href=\"http:\/\/safetyfirst.rjs.de\/wp-content\/uploads\/2019\/01\/FeelsSoGood.mp3\">http:\/\/safetyfirst.rjs.de\/wp-content\/uploads\/2019\/01\/FeelsSoGood.mp3<\/a><\/audio>\n<audio class=\"wp-audio-shortcode\" id=\"audio-589-7\" preload=\"none\" style=\"width: 100%;\" controls=\"controls\"><source type=\"audio\/mpeg\" src=\"http:\/\/safetyfirst.rjs.de\/wp-content\/uploads\/2019\/01\/Crazy.mp3?_=7\" \/><a href=\"http:\/\/safetyfirst.rjs.de\/wp-content\/uploads\/2019\/01\/Crazy.mp3\">http:\/\/safetyfirst.rjs.de\/wp-content\/uploads\/2019\/01\/Crazy.mp3<\/a><\/audio>\n<hr \/>\n<h2>Ein paar Videos, die mit einem SmartPhone aufgenommen wurden, als Mitschnitte von dem Auftritt am 19.09.2023. Sehr nett. Die Tonqualit\u00e4t ist \u00fcber SmartPhone- oder PC-Lautsprecher naja, aber \u00fcber gute Kopfh\u00f6rer\/Lautsprecher klingt das sogar erstaunlich gut.<\/h2>\n<hr \/>\n<p><iframe loading=\"lazy\" width=\"560\" height=\"315\" src=\"https:\/\/www.youtube.com\/embed\/a2luoUeh2zs?si=B2tBulLwgnhD1n1Q\" title=\"YouTube video player\" frameborder=\"0\" allow=\"accelerometer; autoplay; clipboard-write; encrypted-media; gyroscope; picture-in-picture; web-share\" referrerpolicy=\"strict-origin-when-cross-origin\" allowfullscreen><\/iframe><br \/>\n<iframe loading=\"lazy\" title=\"YouTube video player\" src=\"https:\/\/www.youtube.com\/embed\/a2luoUeh2zs?si=YNP1y0eVwiSJFic9\" width=\"560\" height=\"315\" frameborder=\"0\" allowfullscreen=\"allowfullscreen\"><\/iframe><\/p>\n<hr \/>\n<p><iframe loading=\"lazy\" width=\"560\" height=\"315\" src=\"https:\/\/www.youtube.com\/embed\/7NrXMsCjEdE?si=_ZzmeP3Uqkc7z_er\" title=\"YouTube video player\" frameborder=\"0\" allow=\"accelerometer; autoplay; clipboard-write; encrypted-media; gyroscope; picture-in-picture; web-share\" referrerpolicy=\"strict-origin-when-cross-origin\" allowfullscreen><\/iframe><\/p>\n<hr \/>\n<p><iframe loading=\"lazy\" width=\"560\" height=\"315\" src=\"https:\/\/www.youtube.com\/embed\/2YYkp1mFqeg?si=QZHTdYeBF0p-q_uy\" title=\"YouTube video player\" frameborder=\"0\" allow=\"accelerometer; autoplay; clipboard-write; encrypted-media; gyroscope; picture-in-picture; web-share\" referrerpolicy=\"strict-origin-when-cross-origin\" allowfullscreen><\/iframe><\/p>\n<hr \/>\n<h2>Ein (historischer) TV-Mitschnitt des Hessischen Rundfunks anl\u00e4sslich unseres Auftritts am 1. Mai 2006 im Rahmen des Radrennens &#8222;Rund um den Henninger Turm&#8220;<\/h2>\n<p><iframe loading=\"lazy\" width=\"560\" height=\"315\" src=\"https:\/\/www.youtube.com\/embed\/dhL5ZWz-vKA?si=z4bjpK7hdHb0ys1x\" title=\"YouTube video player\" frameborder=\"0\" allow=\"accelerometer; autoplay; clipboard-write; encrypted-media; gyroscope; picture-in-picture; web-share\" referrerpolicy=\"strict-origin-when-cross-origin\" allowfullscreen><\/iframe><\/p>\n<hr \/>\n<p><a href=\"http:\/\/rjs.de\">(c) RJS EDV-KnowHow<\/a><\/p>\n","protected":false},"excerpt":{"rendered":"<p>Livemitschnitte (Qualit\u00e4t entsprechend der Aufnahmeger\u00e4te) Wir spielen Cover, aber in jedem Fall im eigenen Stil interpretiert. Hier sind ein paar kurze Eindr\u00fccke von Proberaummitschnitten Dazu haben Wir auch einige eigene Songs. Hier sind auch dazu ein paar kurze Eindr\u00fccke Ein paar Videos, die mit einem SmartPhone aufgenommen wurden, als Mitschnitte <a class=\"read-more\" href=\"https:\/\/safetyfirst.rjs.de\/?page_id=589\">Weiterlesen<\/a><\/p>\n","protected":false},"author":1,"featured_media":0,"parent":0,"menu_order":0,"comment_status":"closed","ping_status":"closed","template":"","meta":{"jetpack_post_was_ever_published":false,"footnotes":""},"jetpack_sharing_enabled":true,"jetpack_shortlink":"https:\/\/wp.me\/P7Pnlw-9v","_links":{"self":[{"href":"https:\/\/safetyfirst.rjs.de\/index.php?rest_route=\/wp\/v2\/pages\/589"}],"collection":[{"href":"https:\/\/safetyfirst.rjs.de\/index.php?rest_route=\/wp\/v2\/pages"}],"about":[{"href":"https:\/\/safetyfirst.rjs.de\/index.php?rest_route=\/wp\/v2\/types\/page"}],"author":[{"embeddable":true,"href":"https:\/\/safetyfirst.rjs.de\/index.php?rest_route=\/wp\/v2\/users\/1"}],"replies":[{"embeddable":true,"href":"https:\/\/safetyfirst.rjs.de\/index.php?rest_route=%2Fwp%2Fv2%2Fcomments&post=589"}],"version-history":[{"count":8,"href":"https:\/\/safetyfirst.rjs.de\/index.php?rest_route=\/wp\/v2\/pages\/589\/revisions"}],"predecessor-version":[{"id":592,"href":"https:\/\/safetyfirst.rjs.de\/index.php?rest_route=\/wp\/v2\/pages\/589\/revisions\/592"}],"wp:attachment":[{"href":"https:\/\/safetyfirst.rjs.de\/index.php?rest_route=%2Fwp%2Fv2%2Fmedia&parent=589"}],"curies":[{"name":"wp","href":"https:\/\/api.w.org\/{rel}","templated":true}]}}